{"id":1673,"date":"2024-08-08T12:19:52","date_gmt":"2024-08-08T10:19:52","guid":{"rendered":"https:\/\/kronosry.fi\/?page_id=1673"},"modified":"2026-03-11T13:03:25","modified_gmt":"2026-03-11T11:03:25","slug":"hallitus","status":"publish","type":"page","link":"https:\/\/kronosry.fi\/?page_id=1673","title":{"rendered":"Hallitus"},"content":{"rendered":"\n\n\n<div class=\"wp-block-group alignfull\" style=\"margin-top:0;margin-bottom:0;padding-top:var(--wp--preset--spacing--50);padding-right:var(--wp--preset--spacing--50);padding-bottom:var(--wp--preset--spacing--50);padding-left:var(--wp--preset--spacing--50)\"><div class=\"wp-block-group__inner-container is-layout-constrained wp-container-core-group-is-layout-2bafd31c wp-block-group-is-layout-constrained\">\n\n\n<div style=\"height:var(--wp--preset--spacing--30)\" aria-hidden=\"true\" class=\"wp-block-spacer\"><\/div>\n\n\n\n<div class=\"wp-block-columns alignwide is-layout-flex wp-container-core-columns-is-layout-d8280152 wp-block-columns-is-layout-flex\" style=\"padding-right:0;padding-left:0\">\n<div class=\"wp-block-column is-layout-flow wp-block-column-is-layout-flow\">\n<div class=\"wp-block-group is-vertical is-content-justification-center is-nowrap is-layout-flex wp-container-core-group-is-layout-d7ec9006 wp-block-group-is-layout-flex\">\n\n\n<p><strong>Kekri Pihlstr\u00f6m<\/strong><\/p>\n\n\n\n<p class=\"has-text-align-center\"><em>katri.pihlstrom (at) helsinki.fi<\/em><\/p>\n\n\n\n<p class=\"has-small-font-size\">Puheenjohtaja<br><br><br><\/p>\n<\/div>\n<\/div>\n\n\n\n<div class=\"wp-block-column is-layout-flow wp-block-column-is-layout-flow\">\n<div class=\"wp-block-group is-vertical is-content-justification-center is-nowrap is-layout-flex wp-container-core-group-is-layout-8aeacad7 wp-block-group-is-layout-flex\">\n\n\n<p><strong>Lumi Ilvonen<\/strong><\/p>\n\n\n\n<p class=\"has-text-align-center\"><em>lumi.ilvonen (at) helsinki.fi<\/em><\/p>\n\n\n\n<p class=\"has-text-align-center has-small-font-size\">Varapuheenjohtaja<\/p>\n\n\n\n<p class=\"has-text-align-center has-small-font-size\">Juhlatoimintavirkailja <br><\/p>\n<\/div>\n<\/div>\n<\/div>\n\n\n\n<div class=\"wp-block-columns alignwide is-layout-flex wp-container-core-columns-is-layout-d8280152 wp-block-columns-is-layout-flex\" style=\"padding-right:0;padding-left:0\">\n<div class=\"wp-block-column is-layout-flow wp-block-column-is-layout-flow\">\n<div class=\"wp-block-group is-vertical is-content-justification-center is-nowrap is-layout-flex wp-container-core-group-is-layout-d7ec9006 wp-block-group-is-layout-flex\">\n\n\n<p class=\"has-small-font-size\"><strong>Hilla Alavaikko<\/strong><\/p>\n\n\n\n<p class=\"has-text-align-center\" style=\"font-size:15px\"><em>hilla.alavaikko (at) helsinki.fi<\/em><\/p>\n\n\n\n<p class=\"has-text-align-center has-small-font-size\">Sihteeri, Somevastaava, Juhlatoimintavirkailija, Vuosijuhlamestari<br><\/p>\n\n\n\n\n\n<p class=\"has-text-align-center has-small-font-size\"><strong>Heikki Puska<\/strong><\/p>\n\n\n\n<p class=\"has-text-align-center\" style=\"font-size:16px\"><em>heikki.puska (at) helsinki.fi<\/em><\/p>\n\n\n\n<p class=\"has-text-align-center has-small-font-size\">Varainhankintavastaava<\/p>\n\n\n\n<p><\/p>\n\n\n<\/div>\n\n\n\n<p class=\"has-text-align-center has-small-font-size\"><strong>Aino Kivilahti<\/strong><\/p>\n\n\n\n<p class=\"has-text-align-center\"><em>aino.kivilahti (at) helsinki.fi<\/em><\/p>\n\n\n\n<p class=\"has-text-align-center has-small-font-size\">Juhlatoimintavastaava<\/p>\n<\/div>\n\n\n\n<div class=\"wp-block-column is-layout-flow wp-block-column-is-layout-flow\">\n<div class=\"wp-block-group is-vertical is-content-justification-center is-nowrap is-layout-flex wp-container-core-group-is-layout-8aeacad7 wp-block-group-is-layout-flex\">\n\n\n<p class=\"has-small-font-size\"><strong>Kata Kobycheva<\/strong><\/p>\n\n\n\n<p class=\"has-text-align-center\"><em>katarina.kobycheva (at) helsinki.fi<\/em><\/p>\n\n\n\n<p class=\"has-text-align-center has-small-font-size\">Taloudenhoitaja<br> <\/p>\n\n\n\n<p class=\"has-text-align-center has-small-font-size\"><br><\/p>\n\n\n\n\n\n<p class=\"has-text-align-center has-small-font-size\"><strong>Merri Paju<\/strong><\/p>\n\n\n\n<p class=\"has-text-align-center\" style=\"font-size:16px\"><em>merri.paju (at) helsinki.fi<\/em><\/p>\n\n\n\n<p class=\"has-text-align-center has-small-font-size\">Opintovastaava<\/p>\n<\/div>\n<\/div>\n\n\n\n<div class=\"wp-block-column is-layout-flow wp-block-column-is-layout-flow\">\n<div class=\"wp-block-group is-vertical is-content-justification-center is-nowrap is-layout-flex wp-container-core-group-is-layout-8aeacad7 wp-block-group-is-layout-flex\">\n\n\n<p class=\"has-small-font-size\"><strong>Lauri Seidler<\/strong><\/p>\n\n\n\n<p class=\"has-text-align-center\"><em>lauri.seidler (at) helsinki.fi<\/em><\/p>\n\n\n\n<p class=\"has-small-font-size\">Tiedottaja<br><br><br><\/p>\n<\/div>\n\n\n\n<div class=\"wp-block-group is-vertical is-content-justification-center is-layout-flex wp-container-core-group-is-layout-60e40523 wp-block-group-is-layout-flex\">\n\n\n<p class=\"has-text-align-center has-small-font-size\"><strong>Aura Heikkinen<\/strong><\/p>\n\n\n\n<p class=\"has-text-align-center\"><em>aura.a.heikkinen (at) helsinki.fi<\/em><\/p>\n\n\n\n<p class=\"has-text-align-center has-small-font-size\">Juhlatoimintavastaava<br><\/p>\n<\/div>\n<\/div>\n\n\n\n<div class=\"wp-block-column is-layout-flow wp-block-column-is-layout-flow\">\n<div class=\"wp-block-group is-vertical is-content-justification-center is-nowrap is-layout-flex wp-container-core-group-is-layout-d7ec9006 wp-block-group-is-layout-flex\">\n\n\n<p class=\"has-small-font-size\"><strong>Kai Pesonen<\/strong><\/p>\n\n\n\n<p class=\"has-text-align-center\"><em>kai.pesonen (at) helsinki.fi<\/em><\/p>\n\n\n\n<p class=\"has-text-align-center has-small-font-size\">Yhdenvertaisuusvastaava<br><\/p>\n\n\n\n<p class=\"has-text-align-center has-small-font-size\"><br><\/p>\n\n\n\n\n\n<p class=\"has-text-align-center has-small-font-size\"><strong>Aatu Kinnunen<\/strong><\/p>\n\n\n\n<p class=\"has-text-align-center\"><em>aatu.kinnunen (at) helsinki.fi<\/em><\/p>\n\n\n\n<p class=\"has-text-align-center has-small-font-size\">Juhlatoimintavastaava<br><br><\/p>\n<\/div>\n<\/div>\n<\/div>\n\n\n\n<div style=\"height:42px\" aria-hidden=\"true\" class=\"wp-block-spacer\"><\/div>\n\n\n\n\n\n\n\n<div class=\"wp-block-columns alignwide is-layout-flex wp-container-core-columns-is-layout-d8280152 wp-block-columns-is-layout-flex\" style=\"padding-right:0;padding-left:0\">\n<div class=\"wp-block-column is-layout-flow wp-block-column-is-layout-flow\">\n<div class=\"wp-block-group is-vertical is-content-justification-center is-nowrap is-layout-flex wp-container-core-group-is-layout-d7ec9006 wp-block-group-is-layout-flex\">\n\n\n<p class=\"has-text-align-center has-small-font-size\"><strong>Tuomo Koljonen<\/strong><\/p>\n\n\n\n<p class=\"has-text-align-center\"><em>tuomo.koljonen (at) helsinki.fi<\/em><\/p>\n\n\n\n<p class=\"has-text-align-center has-small-font-size\">Hol- ja ulkosuhdevastaava<\/p>\n<\/div>\n<\/div>\n\n\n\n<div class=\"wp-block-column is-layout-flow wp-block-column-is-layout-flow\">\n<div class=\"wp-block-group is-vertical is-content-justification-center is-nowrap is-layout-flex wp-container-core-group-is-layout-8aeacad7 wp-block-group-is-layout-flex\">\n\n\n<p class=\"has-text-align-center has-small-font-size\"><strong>Oona Lankinen<\/strong><\/p>\n\n\n\n<p class=\"has-text-align-center\"><em>oona.lankinen (at) helsinki.fi<\/em><\/p>\n\n\n\n<p class=\"has-text-align-center has-small-font-size\">Ty\u00f6el\u00e4m\u00e4- ja alumnivastaava<\/p>\n<\/div>\n<\/div>\n\n\n\n<div class=\"wp-block-column is-layout-flow wp-block-column-is-layout-flow\">\n<div class=\"wp-block-group is-vertical is-content-justification-center is-nowrap is-layout-flex wp-container-core-group-is-layout-8aeacad7 wp-block-group-is-layout-flex\">\n\n\n<p class=\"has-text-align-center has-small-font-size\"><strong>Visa Sipil\u00e4 <\/strong><\/p>\n\n\n\n<p class=\"has-text-align-center\"><em>visa.sipila (at) helsinki.fi<\/em><\/p>\n\n\n\n<p class=\"has-text-align-center has-small-font-size\">Haalari- ja merkkivastaava<\/p>\n\n\n\n<p class=\"has-small-font-size\">Juhlatoimintavirkailija<\/p>\n<\/div>\n<\/div>\n\n\n\n<div class=\"wp-block-column is-layout-flow wp-block-column-is-layout-flow\">\n<div class=\"wp-block-group is-vertical is-content-justification-center is-nowrap is-layout-flex wp-container-core-group-is-layout-d7ec9006 wp-block-group-is-layout-flex\">\n\n\n<p class=\"has-text-align-center has-small-font-size\"><strong>Henri Kataja<\/strong><\/p>\n\n\n\n<p class=\"has-text-align-center\"><em>henri.kataja (at) helsinki.fi<\/em><\/p>\n\n\n\n<p class=\"has-text-align-center has-small-font-size\">Haalari- ja merkkivastaava<\/p>\n<\/div>\n<\/div>\n<\/div>\n\n\n\n<div class=\"wp-block-columns alignwide is-layout-flex wp-container-core-columns-is-layout-d8280152 wp-block-columns-is-layout-flex\" style=\"padding-right:0;padding-left:0\">\n<div class=\"wp-block-column is-layout-flow wp-block-column-is-layout-flow\">\n<div class=\"wp-block-group is-vertical is-content-justification-center is-nowrap is-layout-flex wp-container-core-group-is-layout-d7ec9006 wp-block-group-is-layout-flex\">\n\n\n<p class=\"has-text-align-center has-small-font-size\"><strong>Salla Niemel\u00e4<\/strong><\/p>\n\n\n\n<p><em>salla.niemela (at) helsinki.fi<\/em><\/p>\n\n\n\n<p class=\"has-text-align-center\" style=\"font-size:14px\">Graafikko<\/p>\n\n\n\n<p style=\"font-size:14px\">Kulttuurivastaava<\/p>\n\n\n\n\n\n<p class=\"has-small-font-size\"><strong>Tomi V\u00e4is\u00e4nen<\/strong><\/p>\n\n\n\n<p><em>tomi.a.vaisanen (at) helsinki.fi<\/em><\/p>\n\n\n\n<p class=\"has-small-font-size\">Arkistovastaava<\/p>\n<\/div>\n\n\n\n<p><\/p>\n\n\n\n<div class=\"wp-block-group is-vertical is-content-justification-center is-nowrap is-layout-flex wp-container-core-group-is-layout-d7ec9006 wp-block-group-is-layout-flex\">\n\n\n<p class=\"has-small-font-size\"><strong>Kaneli Villa<\/strong><\/p>\n\n\n\n<p><em>kaneli.villa (at) helsinki.fi<\/em><\/p>\n\n\n\n<p style=\"font-size:14px\">Kulttuurivastaava<\/p>\n\n\n\n<p><\/p>\n\n\n\n\n\n<p class=\"has-small-font-size\"><strong>Milla Laamanen<\/strong><\/p>\n\n\n\n<p style=\"font-size:14px\">Kaktusvastaava<\/p>\n<\/div>\n<\/div>\n\n\n\n<div class=\"wp-block-column is-layout-flow wp-block-column-is-layout-flow\">\n<div class=\"wp-block-group is-vertical is-content-justification-center is-nowrap is-layout-flex wp-container-core-group-is-layout-8aeacad7 wp-block-group-is-layout-flex\">\n\n\n<p class=\"has-text-align-center has-small-font-size\"><strong>Veeti Ylikoski<\/strong><\/p>\n\n\n\n<p class=\"has-text-align-center\" style=\"font-size:16px\"><em>veeti.ylikoski (at) helsinki.fi<\/em><\/p>\n\n\n\n<p class=\"has-text-align-center\" style=\"font-size:14px\">Liikuntavastaava<\/p>\n\n\n\n<p class=\"has-kubio-color-5-color has-text-color has-link-color wp-elements-f0a3d50b60285dbe437b57fdeb7e9dfd\"><\/p>\n\n\n\n\n\n<p class=\"has-small-font-size\"><strong>Mikko Anttonen<\/strong><\/p>\n\n\n\n<p><em>mikko.a.anttonen (at) helsinki.fi<\/em><\/p>\n\n\n\n<p style=\"font-size:14px\">Hissakahvivastaava<\/p>\n\n\n\n<p style=\"font-size:14px\">Juhlatoimintavirkailija<\/p>\n\n\n\n<p><\/p>\n\n\n<\/div>\n\n\n\n<p class=\"has-text-align-center has-small-font-size\"><strong>Siiri Kallionp\u00e4\u00e4<\/strong><\/p>\n\n\n\n<p class=\"has-text-align-center\"><em>siiri.kallionpaa (at) helsinki.fi<\/em><\/p>\n\n\n\n<p class=\"has-text-align-center has-small-font-size\">Kulttuurivastaava<\/p>\n\n\n\n<p class=\"has-text-align-center has-small-font-size\">Juhlatoimintavirkailija<\/p>\n<\/div>\n\n\n\n<div class=\"wp-block-column is-layout-flow wp-block-column-is-layout-flow\">\n<div class=\"wp-block-group is-vertical is-content-justification-center is-nowrap is-layout-flex wp-container-core-group-is-layout-8aeacad7 wp-block-group-is-layout-flex\">\n\n\n<p class=\"has-text-align-center has-small-font-size\"><span><strong style=\"font-weight: bold;\">Martin Madisson<\/strong><\/span><\/p>\n\n\n\n<p><em>martin.madisson (at) helsinki.fi<\/em><\/p>\n\n\n\n<p class=\"has-text-align-center\" style=\"font-size:14px\">Liikuntavastaava<\/p>\n\n\n\n<p class=\"has-kubio-color-5-color has-text-color has-link-color wp-elements-f0a3d50b60285dbe437b57fdeb7e9dfd\"><\/p>\n\n\n\n\n\n<p class=\"has-small-font-size\"><strong>Miisa Juusela<\/strong><\/p>\n\n\n\n<p style=\"font-size:16px\"><em>misael.juusela (at) helsinki.fi<\/em><\/p>\n\n\n\n<p style=\"font-size:14px\">Yhdenvertaisuusvirkailija<\/p>\n\n\n\n<p style=\"font-size:14px\">Juhlatoimintavirkailija<\/p>\n\n\n\n<p><\/p>\n\n\n<\/div>\n\n\n\n<p class=\"has-text-align-center has-small-font-size\"><strong>Silja Pohjakallio<\/strong><\/p>\n\n\n\n<p class=\"has-text-align-center\"><\/p>\n\n\n\n<p class=\"has-text-align-center has-small-font-size\">Vuosijuhlamestari<\/p>\n<\/div>\n\n\n\n<div class=\"wp-block-column is-layout-flow wp-block-column-is-layout-flow\">\n<div class=\"wp-block-group is-vertical is-content-justification-center is-nowrap is-layout-flex wp-container-core-group-is-layout-d7ec9006 wp-block-group-is-layout-flex\">\n\n\n<p class=\"has-small-font-size\"><strong>Mohamed Abdi<\/strong><\/p>\n\n\n\n<p><em>mohamed.b.abdi (at) helsinki.fi<\/em><\/p>\n\n\n\n<p style=\"font-size:14px\"> Liikuntavastaava<\/p>\n\n\n\n<p style=\"font-size:14px\">Hissakahvivastaava<\/p>\n\n\n\n\n\n<p class=\"has-small-font-size\"><strong>Hilma Lievemaa<\/strong><\/p>\n\n\n\n<p><em>hilma.lievemaa (at) helsinki.fi<\/em><\/p>\n\n\n\n<p class=\"has-small-font-size\">Kulttuurivastaava<\/p>\n<\/div>\n\n\n\n<p><\/p>\n\n\n\n<div class=\"wp-block-group is-vertical is-content-justification-center is-nowrap is-layout-flex wp-container-core-group-is-layout-d7ec9006 wp-block-group-is-layout-flex\"><\/div>\n\n\n\n<p class=\"has-text-align-center has-small-font-size\"><strong>Pauli Sir\u00e9n<\/strong><\/p>\n\n\n\n<p class=\"has-text-align-center\"> <em>pauli.siren (at) helsinki.fi<\/em><\/p>\n\n\n\n<p class=\"has-text-align-center has-small-font-size\">Magister cantandi<\/p>\n<\/div>\n<\/div>\n\n\n\n\n\n\n\n\n\n\n\n\n\n<div style=\"height:42px\" aria-hidden=\"true\" class=\"wp-block-spacer\"><\/div>\n\n\n\n\n\n\n\n<div class=\"wp-block-columns are-vertically-aligned-center is-layout-flex wp-container-core-columns-is-layout-d8280152 wp-block-columns-is-layout-flex\" style=\"padding-right:0;padding-left:0\">\n<div class=\"wp-block-column is-vertically-aligned-center is-layout-flow wp-block-column-is-layout-flow\">\n\n<\/div>\n<\/div>\n\n\n\n\n<\/div><\/div>\n\n\n\n<div class=\"wp-block-group alignfull\" style=\"margin-top:0;margin-bottom:0;padding-top:var(--wp--preset--spacing--50);padding-right:var(--wp--preset--spacing--50);padding-bottom:var(--wp--preset--spacing--50);padding-left:var(--wp--preset--spacing--50)\"><div class=\"wp-block-group__inner-container is-layout-constrained wp-container-core-group-is-layout-2bafd31c wp-block-group-is-layout-constrained\">\n<hr class=\"wp-block-separator has-alpha-channel-opacity\"\/>\n\n\n\n<p><\/p>\n\n\n\n<p class=\"has-text-align-center has-medium-font-size\"><a href=\"https:\/\/kronosry.fi\/?page_id=2160\" data-type=\"page\" data-id=\"2160\">Tutustu Kronoksen vanhoihin hallituksiin<\/a><\/p>\n<\/div><\/div>\n","protected":false},"excerpt":{"rendered":"<p>Kekri Pihlstr\u00f6m katri.pihlstrom (at) helsinki.fi Puheenjohtaja Lumi Ilvonen lumi.ilvonen (at) helsinki.fi Varapuheenjohtaja Juhlatoimintavirkailja Hilla Alavaikko hilla.alavaikko (at) helsinki.fi Sihteeri, Somevastaava, Juhlatoimintavirkailija, Vuosijuhlamestari Heikki Puska heikki.puska (at) helsinki.fi Varainhankintavastaava Aino Kivilahti aino.kivilahti (at) helsinki.fi Juhlatoimintavastaava Kata Kobycheva katarina.kobycheva (at) helsinki.fi Taloudenhoitaja Merri Paju merri.paju (at) helsinki.fi Opintovastaava Lauri Seidler lauri.seidler (at) helsinki.fi Tiedottaja Aura Heikkinen aura.a.heikkinen [&hellip;]<\/p>\n","protected":false},"author":2,"featured_media":0,"parent":0,"menu_order":0,"comment_status":"closed","ping_status":"closed","template":"full-width","meta":{"saved_in_kubio":true,"footnotes":""},"class_list":["post-1673","page","type-page","status-publish","hentry"],"kubio_ai_page_context":{"short_desc":"","purpose":"general"},"_links":{"self":[{"href":"https:\/\/kronosry.fi\/index.php?rest_route=\/wp\/v2\/pages\/1673","targetHints":{"allow":["GET"]}}],"collection":[{"href":"https:\/\/kronosry.fi\/index.php?rest_route=\/wp\/v2\/pages"}],"about":[{"href":"https:\/\/kronosry.fi\/index.php?rest_route=\/wp\/v2\/types\/page"}],"author":[{"embeddable":true,"href":"https:\/\/kronosry.fi\/index.php?rest_route=\/wp\/v2\/users\/2"}],"replies":[{"embeddable":true,"href":"https:\/\/kronosry.fi\/index.php?rest_route=%2Fwp%2Fv2%2Fcomments&post=1673"}],"version-history":[{"count":11,"href":"https:\/\/kronosry.fi\/index.php?rest_route=\/wp\/v2\/pages\/1673\/revisions"}],"predecessor-version":[{"id":2759,"href":"https:\/\/kronosry.fi\/index.php?rest_route=\/wp\/v2\/pages\/1673\/revisions\/2759"}],"wp:attachment":[{"href":"https:\/\/kronosry.fi\/index.php?rest_route=%2Fwp%2Fv2%2Fmedia&parent=1673"}],"curies":[{"name":"wp","href":"https:\/\/api.w.org\/{rel}","templated":true}]}}